{"id":309,"date":"2020-06-18T07:42:50","date_gmt":"2020-06-18T07:42:50","guid":{"rendered":"https:\/\/flexitrongroup.com\/pidetaxi\/privacy\/"},"modified":"2020-08-07T06:45:32","modified_gmt":"2020-08-07T06:45:32","slug":"privacy","status":"publish","type":"page","link":"https:\/\/pidetaxi.es\/en\/privacy\/","title":{"rendered":"Legal Notice And Privacy Policy"},"content":{"rendered":"<div class=\"flex_column av_three_fifth  flex_column_div first  avia-builder-el-0  el_before_av_one_full  avia-builder-el-first  \" style='background: #0194d9; padding:20px 20px 10px 20px ; background-color:#0194d9; border-radius:0px; '><section class=\"av_textblock_section \"  itemscope=\"itemscope\" itemtype=\"https:\/\/schema.org\/CreativeWork\" ><div class='avia_textblock  av_inherit_color '  style='color:#ffffff; '  itemprop=\"text\" ><h2>Aviso Legal y Pol\u00edtica De Privacidad<\/h2>\n<\/div><\/section><\/div><div class=\"flex_column av_one_full  flex_column_div av-zero-column-padding first  avia-builder-el-2  el_after_av_three_fifth  avia-builder-el-last  \" style='border-radius:0px; '><section class=\"av_textblock_section \"  itemscope=\"itemscope\" itemtype=\"https:\/\/schema.org\/CreativeWork\" ><div class='avia_textblock  '   itemprop=\"text\" ><p lang=\"es-ES\" align=\"justify\">A.R.T.E. (Asociaci\u00f3n de Radio Taxis de Espa\u00f1a, con domicilio social en Madrid C\/ Cidro n\u00ba 20, 1\u00ba, 28044 Madrid, CIF G-85918282, inscrita en el Registro Estatal de Asociaciones con el n\u00famero 8759, como propietaria y titular de las aplicaciones, soporte, portal y en definitiva con todo lo relacionado con prestaci\u00f3n del servicio de taxi a trav\u00e9s de la pagina Web\u00a0<span style=\"color: #0000ff;\"><u><a href=\"http:\/\/www.pidetaxi.es\/\">www.pidetaxi.es<\/a><\/u><\/span>\u00a0y de las aplicaciones inform\u00e1ticas destinadas a Smartphone (app), pone a disposici\u00f3n de sus clientes las siguiente aviso legal y pol\u00edtica de privacidad:<\/p>\n<p lang=\"es-ES\" align=\"justify\">Mediante este aviso legal y pol\u00edtica de privacidad A.R.T.E., pone en conocimiento de todos los usuarios los t\u00e9rminos de uso de este sitio Web y de su aplicaci\u00f3n Pidetaxi para Espa\u00f1a:<\/p>\n<h3 class=\"western wp-block-heading\" lang=\"es-ES\" align=\"justify\">1. ACEPTACI\u00d3N DE LAS CONDICIONES DE USO<\/h3>\n<h4 class=\"western\" lang=\"es-ES\" align=\"justify\">1.1 Condiciones generales<\/h4>\n<p lang=\"es-ES\" align=\"justify\">Desde el mismo momento que el usuario acceda al sitio Web: www.pidetaxi.es (en adelante sitio Web) acepta plenamente y sin reservas todas y cada una de las disposiciones incluidas en este Aviso Legal.<\/p>\n<p lang=\"es-ES\" align=\"justify\">Es de suma importancia que usted lea atentamente el presente Aviso Legal y Pol\u00edtica de Privacidad en cada una de las ocasiones en que se proponga utilizar nuestra p\u00e1gina, ya que este puede sufrir modificaciones en alg\u00fan momento. No obstante lo anterior, si se produjera alguna modificaci\u00f3n, usted deber\u00e1 aceptar de nuevo el presente documento.<\/p>\n<h4 class=\"western\" lang=\"es-ES\" align=\"justify\">1.2 Condiciones particulares.<\/h4>\n<p lang=\"es-ES\" align=\"justify\">A.R.T.E., en calidad \u00a0de propietaria de la aplicaci\u00f3n Pidetaxi para Espa\u00f1a, ha puesto a disposici\u00f3n de todos los usuarios que descarguen la aplicaci\u00f3n en su m\u00f3vil Smartphone las condiciones de uso y la pol\u00edtica de privacidad. Asimismo en el caso que se oferte alg\u00fan otro servicio a trav\u00e9s de esta p\u00e1gina web, los mismos podr\u00edan tener condiciones particulares concretas las cuales pueden, seg\u00fan los casos, sustituir o complementar este aviso legal.<\/p>\n<p lang=\"es-ES\" align=\"justify\">Le recomendamos que antes de utilizar nuestra p\u00e1gina web y\/o descargarse nuestra aplicaci\u00f3n lea con atenci\u00f3n nuestros servicios y las condiciones particulares para su uso y contrataci\u00f3n de los servicios.<\/p>\n<p lang=\"es-ES\" align=\"justify\">Asimismo, la utilizaci\u00f3n de este sitio web o de la aplicaci\u00f3n Pidetaxi est\u00e1 sometida a todos los avisos, normas de uso e instrucciones que A.R.T.E., ponga en conocimiento de sus usuarios que podr\u00e1 sustituir, completar y\/o modificar el presente Aviso Legal.<\/p>\n<h3 class=\"western\" lang=\"es-ES\" align=\"justify\">2. OBJETO.<\/h3>\n<p lang=\"es-ES\" align=\"justify\">A.R.T.E., pone a disposici\u00f3n de los visitantes de esta p\u00e1gina la informaci\u00f3n acerca de la plataforma Pidetaxi y los servicios que oferta.<\/p>\n<h3 class=\"western\" lang=\"es-ES\" align=\"justify\">3. CONDICIONES DE ACCESO Y UTILIZACI\u00d3N DEL PORTAL<\/h3>\n<h4 class=\"western\" lang=\"es-ES\" align=\"justify\">3.1 Debe hacerse un correcto uso del portal y sus servicios<\/h4>\n<p lang=\"es-ES\" align=\"justify\">Todas aquellas personas que accedan a esta p\u00e1gina web y\/o descarguen la aplicaci\u00f3n Pidetaxi est\u00e1n comprometidas a utilizarlas de acuerdo a la buena fe, la ley y las obligaciones contenidas en el presente aviso legal, las condiciones de uso y\/o particulares y dem\u00e1s, instrucciones que A.R.T.E., considere necesarias para el buen uso del sitio web y su aplicaci\u00f3n Pidetaxi.<\/p>\n<p lang=\"es-ES\" align=\"justify\">Queda totalmente prohibido el acceso a esta p\u00e1gina web o descargar la aplicaci\u00f3n Pidetaxi con fines il\u00edcitos o da\u00f1inos que afecten directa o indirectamente a Pidetaxi, A.R.T.E. a sus asociados o a terceros.<\/p>\n<p lang=\"es-ES\" align=\"justify\">El presente sitio Web y la aplicaci\u00f3n Pidetaxi est\u00e1n protegidos por ley de propiedad intelectual, ya sean textos, im\u00e1genes, sonido, marcas, logotipos, combinaciones de colores, o cualquier otro elemento. Su estructura y dise\u00f1o, la selecci\u00f3n y forma de presentaci\u00f3n de los materiales incluidos, acceso y utilizaci\u00f3n, son titularidad de Pidetaxi, quedando expresamente prohibido el manipular, transmitir, copiar, modificar, incorporar, difundir o poner a disposici\u00f3n de terceros informaciones, datos, contenidos, mensajes, gr\u00e1ficos, dibujos, archivos de sonido y\/o imagen, fotograf\u00edas, grabaciones, software y, o hacer cualquier tipo de cambio a esta p\u00e1gina o en la aplicaci\u00f3n.<\/p>\n<h4 class=\"western\" lang=\"es-ES\" align=\"justify\">3.2 Car\u00e1cter gratuito del acceso y car\u00e1cter oneroso de la contrataci\u00f3n de servicios de transporte en taxi<\/h4>\n<p lang=\"es-ES\" align=\"justify\">El acceso a este sitio Web y la descarga de la aplicaci\u00f3n Pidetaxi es gratuita para los Usuarios sin embargo, los servicios de transporte en taxi que usted libremente contrate a trav\u00e9s de A.R.T.E., su Sitio Web o la aplicaci\u00f3n Pidetaxi est\u00e1n sujetos al pago de un precio en la forma que se determine en las correspondientes condiciones de uso.<\/p>\n<h4 class=\"western\" lang=\"es-ES\" align=\"justify\">3.3 Registro de Usuario<\/h4>\n<p lang=\"es-ES\" align=\"justify\">A.R.T.E., no obliga a los usuarios de esta p\u00e1gina a la previa suscripci\u00f3n o cumplimentaci\u00f3n de registros, no obstante si su deseo es descargar la aplicaci\u00f3n Pidetaxi, debe realizarlo desde su m\u00f3vil y posteriormente seguir los pasos para registrarse. Si usted desea registrarse, deber\u00e1 facilitar determinados datos personales como nombre y apellidos, numero de telefono y direccion de correo electronico. Dichos datos servir\u00e1n y tendr\u00e1n como \u00fanica finalidad, facilitar un servicio de transporte en taxi.<\/p>\n<p lang=\"es-ES\" align=\"justify\">Estos registros as\u00ed como los formularios de la p\u00e1gina web se tratar\u00e1n de acuerdo a la normativa vigente en materia de protecci\u00f3n de datos y las directivas exigidas por la Agencia Espa\u00f1ola de Protecci\u00f3n de Datos.<\/p>\n<h4 class=\"western\" lang=\"es-ES\" align=\"justify\">3.4 Veracidad de la informaci\u00f3n<\/h4>\n<p lang=\"es-ES\" align=\"justify\">El Usuario est\u00e1 obligado a facilitar los datos de una forma veraz, es responsabilidad del mismo mantener actualizada toda la informaci\u00f3n facilitada a A.R.T.E y Pidetaxi.<\/p>\n<p lang=\"es-ES\" align=\"justify\">El Usuario ser\u00e1 el \u00fanico responsable de las manifestaciones falsas o inexactas que realice y de los perjuicios que por estas inexactitudes cause a A.R.T.E., y\/ o a terceros.<\/p>\n<h4 class=\"western\" lang=\"es-ES\" align=\"justify\">3.5 Menores de edad<\/h4>\n<p lang=\"es-ES\" align=\"justify\">Nuestros servicios est\u00e1n dirigidos a personas mayores de edad, en el supuesto que menores o incapaces accedan a esta p\u00e1gina web deben estar en compa\u00f1\u00eda de sus padres, tutores o representantes legales, quienes ser\u00e1n considerados responsables de todos los actos realizados por los mismos.<\/p>\n<p lang=\"es-ES\" align=\"justify\">Los Padres, tutores o representantes legales est\u00e1n obligados a controlar y restringir el acceso a las p\u00e1ginas Web cuyo acceso considere inadecuado.<\/p>\n<p lang=\"es-ES\" align=\"justify\">No est\u00e1 permitido el registro por menores de edad por lo que si A.R.T.E. detectara la incorporaci\u00f3n de datos de menores de edad que no cuenten con el consentimiento y supervisi\u00f3n un adulto responsable, considerar\u00e1 nulo dicho registro procediendo a eliminar todos los datos de sus bases.<\/p>\n<h3 class=\"western\" lang=\"es-ES\" align=\"justify\">4. ENLACES Y SERVICIOS PRESTADOS POR TERCEROS<\/h3>\n<p lang=\"es-ES\" align=\"justify\">Los enlaces insertados en este sitio web que dirijan a otra Web, son gestionados por terceros.<\/p>\n<p lang=\"es-ES\" align=\"justify\">A.R.T.E., no se hace responsable de la informaci\u00f3n, contenidos, productos o servicios facilitados por estos, ni asume responsabilidad de orden alguno por cualquier aspecto relativo a estas p\u00e1ginas. El establecimiento de enlaces en esta p\u00e1gina web, que redirijan a otros portales no implica en ning\u00fan caso la existencia de relaciones entre A.R.T.E., y el propietario de la p\u00e1gina Web a la que es dirigido, ni la aceptaci\u00f3n y\/o aprobaci\u00f3n por parte de A.R.T.E., de sus contenidos o servicios.<\/p>\n<p lang=\"es-ES\" align=\"justify\">Los resultados de herramientas de b\u00fasqueda son proporcionados directamente por terceros y son consecuencia del funcionamiento autom\u00e1tico de mecanismos t\u00e9cnicos, por lo que A.R.T.E., no puede controlar y no controla esos resultados y, en particular, que entre ellos aparezcan sitios de Internet cuyos contenidos puedan resultar il\u00edcitos, contrarios a la moral o a las buenas costumbres o considerados inapropiados por otros motivos.<\/p>\n<p lang=\"es-ES\" align=\"justify\">A.R.T.E., no ofrece ni comercializa por s\u00ed ni por medio de terceros la informaci\u00f3n, contenidos y servicios disponibles en los Sitios Enlazados, ni los controla previamente, aprueba, recomienda o vigila. El Usuario, por tanto, debe extremar la prudencia en la valoraci\u00f3n y utilizaci\u00f3n de la informaci\u00f3n, contenidos y servicios existentes en los Sitios Enlazados.<\/p>\n<h3 class=\"western\" lang=\"es-ES\" align=\"justify\">5. PROPIEDAD INTELECTUAL.<\/h3>\n<p lang=\"es-ES\" align=\"justify\">El contenido de esta p\u00e1gina Web as\u00ed como los de la aplicaci\u00f3n Pidetaxi es una obra original y protegida por el derecho de propiedad intelectual con todos los derechos reservados para A.R.T.E., no permiti\u00e9ndose la reproducci\u00f3n ni transmisi\u00f3n en forma alguna, ni por ning\u00fan medio de parte o de todo el contenido del material de este Sitio Web, incluyendo de forma no limitativa, texto, gr\u00e1ficos, c\u00f3digo de dise\u00f1o, sin previa autorizaci\u00f3n de A.R.T.E. En ning\u00fan momento podr\u00e1 ser objeto de copia, modificaci\u00f3n o descompilaci\u00f3n del c\u00f3digo fuente mediante cualesquiera t\u00e9cnicas inform\u00e1ticas.<\/p>\n<p lang=\"es-ES\" align=\"justify\">Todos los logotipos y marcas de este sitio Web como de la aplicaci\u00f3n Pidetaxi se encuentran registrados como marcas en los registros p\u00fablicos correspondientes contando de esta manera con el beneficio de la fe p\u00fablica registral ante cualquier tipo de controversia en este sentido.<\/p>\n<p lang=\"es-ES\" align=\"justify\">Los logotipos ajenos que pudieran aparecer en el sitio Web, pertenecen a sus respectivos propietarios, siendo en todo caso ellos mismos responsables de cualquier posible controversia que pudieran darse respecto a ellos. La colocaci\u00f3n de los mismos en este sitio Web ha sido en todo caso, previa comunicaci\u00f3n y aceptaci\u00f3n por parte de los mismos.<\/p>\n<p lang=\"es-ES\" align=\"justify\">El dise\u00f1o de este sitio Web y de la aplicaci\u00f3n Pidetaxi es propiedad de A.R.T.E., desde su programaci\u00f3n, edici\u00f3n, compilaci\u00f3n y dem\u00e1s elementos necesarios para su funcionamiento, por tanto, ser\u00e1 necesaria la autorizaci\u00f3n expresa y por escrito de A.R.T.E., para su reproducci\u00f3n parcial o total, as\u00ed como para la explotaci\u00f3n, distribuci\u00f3n y comercializaci\u00f3n en general.<\/p>\n<p lang=\"es-ES\" align=\"justify\">Las reclamaciones que pudieran interponerse por los Usuarios en relaci\u00f3n con posibles incumplimientos de los derechos de propiedad intelectual o industrial sobre cualesquiera de los Contenidos de este Sitio Web o de la aplicaci\u00f3n Pidetaxi deber\u00e1n dirigirse a la siguiente direcci\u00f3n de correo electr\u00f3nico:\u00a0<span style=\"color: #0000ff;\"><u><a href=\"mailto:info@pidetaxi.es\">info@pidetaxi.es<\/a><\/u><\/span>.<\/p>\n<h3 class=\"western\" lang=\"es-ES\" align=\"justify\">6. COOKIES<\/h3>\n<p lang=\"es-ES\" align=\"justify\">A.R.T.E., utiliza las llamadas cookies de sesi\u00f3n, no obstante el usuario tiene la posibilidad de configurar su navegador para ser avisado en pantalla de la recepci\u00f3n de cookies y para impedir la instalaci\u00f3n de cookies en su disco duro.<\/p>\n<p lang=\"es-ES\" align=\"justify\">Para utilizar esta p\u00e1gina, no resulta necesario que el usuario permita la instalaci\u00f3n de las cookies, sin perjuicio de que en tal caso ser\u00e1 necesario que el usuario se registre cada vez que acceda a un servicio que requiera el previo registro o que en algunos casos se le impida que usted sea capaz de usar todas las partes de esta p\u00e1gina web.<\/p>\n<p lang=\"es-ES\" align=\"justify\">Por favor, consulte las instrucciones y manuales de su navegador para ampliar \u00e9sta informaci\u00f3n.<\/p>\n<h3 class=\"western\" lang=\"es-ES\" align=\"justify\">7. PROTECCI\u00d3N DE DATOS<\/h3>\n<p class=\"western\" lang=\"es-ES\" align=\"justify\">A.R.T.E., con domicilio social en C\/ Cidro 20, 1\u00ba, 28044 Madrid, en calidad de Responsable del Fichero legalmente registrado ante la Agencia Espa\u00f1ola de Protecci\u00f3n de Datos, garantiza el pleno cumplimiento de la normativa vigente en materia de Protecci\u00f3n de Datos de Car\u00e1cter Personal de acuerdo con la normativa vigente, es decir, con el\u00a0<span style=\"font-family: Times Roman, serif;\"><a href=\"http:\/\/www.boe.es\/buscar\/doc.php?id=DOUE-L-2016-80807\" target=\"_blank\" rel=\"noopener noreferrer\">Reglamento (UE) 2016\/679 del Parlamento Europeo y del Consejo de 27 de abril de 2016 relativo a la protecci\u00f3n de las personas f\u00edsicas en lo que respecta al tratamiento de datos personales y a la libre circulaci\u00f3n de estos datos y por el que se deroga la Directiva 95\/46\/CE (Reglamento general de protecci\u00f3n de datos)<\/a>\u00a0y por la\u00a0<a href=\"https:\/\/www.boe.es\/buscar\/doc.php?id=BOE-A-2018-16673\" target=\"_blank\" rel=\"noopener noreferrer\">Ley Org\u00e1nica 3\/2018, de 5 de diciembre, de Protecci\u00f3n de Datos Personales y garant\u00eda de los derechos digitales<\/a>.<\/span><\/p>\n<p lang=\"es-ES\" align=\"justify\">De esta forma, cuando Usted se registra en la Aplicaci\u00f3n o en la p\u00e1gina Web facilita datos personales como nombre y apellidos, telefono y correo electr\u00f3nico cuya finalidad es la de poder prestar el servicio de taxi que pudiera solicitar.<\/p>\n<p lang=\"es-ES\" align=\"justify\">Asimismo, si Usted est\u00e1 interesado en solicitar una factura por el servicio de transporte que le haya sido prestado o que se vaya a prestar, deber\u00e1 facilitar los datos fiscales para la emisi\u00f3n de la misma, es decir, su domicilio y su n\u00famero de identificaci\u00f3n fiscal. Dichos datos ser\u00e1n almacenados por ARTE para la correcta prestaci\u00f3n del servicio y para la emisi\u00f3n de la factura correspodiente en el caso de que Usted la solicitara.<\/p>\n<p lang=\"es-ES\" align=\"justify\">Una vez que haya registrado por primera vez dicha informaci\u00f3n, tan solo deber\u00e1 facilitar \u2013en las siguientes ocasiones- su n\u00famero de identificaci\u00f3n fiscal al taxista que haya realizado el servicio en el momento de solicitar su factura. ARTE no facilitar\u00e1 informaci\u00f3n personal suya a terceros. De igual forma, cuando Usted introduzca su numero de identificaci\u00f3n, el sistema le informar\u00e1 acerca de si sus datos est\u00e1n registrados con anterioridad a dicho momento o precisa del registro o actualizaci\u00f3n de los mismos pero no facilitar\u00e1 informaci\u00f3n adicional con el mero hecho de introducir su n\u00famero de identificaci\u00f3n fiscal.<\/p>\n<p lang=\"es-ES\" align=\"justify\">A.R.T.E., informa a los usuarios que los datos recabados a trav\u00e9s de los diversos formularios de esta p\u00e1gina, son utilizados con la finalidad de dar tr\u00e1mite a su solicitud de informaci\u00f3n y para la ejecuci\u00f3n del servicio de transporte que finalmente pudiera solicitar el usuario.<\/p>\n<p lang=\"es-ES\" align=\"justify\">Adicionalmente, El Responsable del Fichero podr\u00e1 realizar encuestas de satisfacci\u00f3n, remisi\u00f3n de comunicaciones comerciales e informativas, con las finalidades y usos indicados en el p\u00e1rrafo anterior, en el caso que usted no quiera recibir informaci\u00f3n comercial sobre nuestras ofertas y servicios, no marque \u201cquiero recibir informaci\u00f3n comercial\u201d.<\/p>\n<p lang=\"es-ES\" align=\"justify\">Igualmente los usuarios ostentan los derechos de acceso, rectificaci\u00f3n, cancelaci\u00f3n y oposici\u00f3n, mediante el env\u00edo de un escrito a A.R.T.E, calle Cidro 20, 1\u00aa, 28044, Madrid, aportando fotocopia del DNI o documentaci\u00f3n alternativa que acredite su identidad.<\/p>\n<p lang=\"es-ES\" align=\"justify\">Todos los datos recabados por A.R.T.E., ser\u00e1n cedidos con la misma finalidad por los que fueron recabados a nuestros Asociados, es decir, con la \u00fanica finalidad de ejecutar el servicio de transporte solicitado por el usuario a trav\u00e9s de la p\u00e1gina Web o de la aplicaci\u00f3n Pidetaxi. Puede consultar el listado de Asociados en\u00a0<span style=\"color: #0000ff;\"><u><a href=\"http:\/\/www.a-rte.es\/\"><span style=\"color: #000000;\">www.a-rte.es<\/span><\/a><\/u><\/span>, ante quien podr\u00e1 ejercitar los derechos de acceso rectificaci\u00f3n y oposici\u00f3n.<\/p>\n<p lang=\"es-ES\" align=\"justify\"><b>8. POLITICA DE DEVOLUCIONES<\/b><\/p>\n<p class=\"western\" lang=\"es-ES\" align=\"justify\">Dada la naturaleza del los servicios prestados a trav\u00e9s de la aplicaci\u00f3n Pidetaxi, los mismos no pueden devolverse una vez realizados.<\/p>\n<p class=\"western\" lang=\"es-ES\" align=\"justify\">No obstante lo anterior, ni ARTE ni Pidetaxi realizar\u00e1n cargos adicionalres por la utilizaci\u00f3n de cualesquiera de los medios de pago que pone a disposici\u00f3n de los Usuarios. El cliente podr\u00e1 cancelar anticipadamente el servicio de taxi siempre y cuando no se haya iniciado la prestaci\u00f3n del mismo conforme a lo establecido en la normativa de aplicaci\u00f3n y en las correspondientes Ordenanzas Municipales aplicables al lugar de prestaci\u00f3n del mismo.<\/p>\n<p class=\"western\" lang=\"es-ES\" align=\"justify\">ARTE y Pidetaxi devolver\u00e1n el importe abonado en el caso que el mismo no se hubiera ejecutado y si se hubiera efectuado el cargo por el sistema.Tambien proceder\u00e1 la devoluci\u00f3n del importe abonado cuando se produzca un incumplimiento notorio del servicio contratado o cuando sea materialmente imposible prestarlo por causas de fuerza mayor.<\/p>\n<h3 class=\"western\" lang=\"es-ES\" align=\"justify\">9. NOTIFICACIONES<\/h3>\n<p lang=\"es-ES\" align=\"justify\">Todas las notificaciones y comunicaciones por parte del Usuario a A.R.T.E., se considerar\u00e1n eficaces, a todos los efectos, cuando se dirijan por alguna forma que asegure su recepci\u00f3n.<\/p>\n<p lang=\"es-ES\" align=\"justify\">En este sentido, todas las Notificaciones que efect\u00fae A.R.T.E. al Usuario se considerar\u00e1n v\u00e1lidamente efectuadas si se han realizado empleando los datos aportados por \u00e9l y a trav\u00e9s de cualquier medio valido que asegure su recepci\u00f3n incluido el correo electr\u00f3nico. A estos efectos, el Usuario manifiesta que todos los datos facilitados por \u00e9l son ciertos y correctos, y se compromete a comunicar a A.R.T.E., todos los cambios relativos a los datos de notificaci\u00f3n.<\/p>\n<h3 class=\"western\" lang=\"es-ES\" align=\"justify\">10. EXENCI\u00d3N DE RESPONSABILIDAD<\/h3>\n<p lang=\"es-ES\" align=\"justify\">En virtud del art\u00edculo 16 de la Ley 34\/2002, de 11 de julio, de servicios de la sociedad de la informaci\u00f3n y de comercio electr\u00f3nico\u00a0<i>l<\/i><span style=\"font-family: Times Roman, serif;\"><i>os prestadores de un servicio de intermediaci\u00f3n que transmitan por una red de telecomunicaciones datos facilitados por un destinatario del servicio y, con la \u00fanica finalidad de hacer m\u00e1s eficaz su transmisi\u00f3n ulterior a otros destinatarios que los soliciten, los almacenen en sus sistemas de forma autom\u00e1tica, provisional y temporal, no ser\u00e1n responsables por el contenido de esos datos ni por la reproducci\u00f3n temporal de los mismos\u00a0<\/i><\/span><span style=\"font-family: Times Roman, serif;\">cuando se cumplan los requisitos contenidos en su articulado.<\/span><\/p>\n<h3 class=\"western\" lang=\"es-ES\" align=\"justify\">11. LEY APLICABLE Y JURISDICCI\u00d3N.<\/h3>\n<p lang=\"es-ES\" align=\"justify\">Para toda cuesti\u00f3n litigiosa que incumba los sitios Web que dependan de A.R.T.E., ser\u00e1 de aplicaci\u00f3n la legislaci\u00f3n espa\u00f1ola, y en su caso, los Juzgados y Tribunales de Madrid Capital. Para presentar reclamaciones en el uso de nuestros servicios pueden dirigirse por correo electr\u00f3nico a la direcci\u00f3n:\u00a0<span style=\"color: #0000ff;\"><u><a href=\"mailto:info@pidetaxi.es\">info@pidetaxi.es<\/a><\/u><\/span>.<\/p>\n<\/div><\/section><\/div><\/p>","protected":false},"excerpt":{"rendered":"","protected":false},"author":1,"featured_media":0,"parent":0,"menu_order":0,"comment_status":"closed","ping_status":"open","template":"","meta":{"footnotes":""},"_links":{"self":[{"href":"https:\/\/pidetaxi.es\/en\/wp-json\/wp\/v2\/pages\/309"}],"collection":[{"href":"https:\/\/pidetaxi.es\/en\/wp-json\/wp\/v2\/pages"}],"about":[{"href":"https:\/\/pidetaxi.es\/en\/wp-json\/wp\/v2\/types\/page"}],"author":[{"embeddable":true,"href":"https:\/\/pidetaxi.es\/en\/wp-json\/wp\/v2\/users\/1"}],"replies":[{"embeddable":true,"href":"https:\/\/pidetaxi.es\/en\/wp-json\/wp\/v2\/comments?post=309"}],"version-history":[{"count":1,"href":"https:\/\/pidetaxi.es\/en\/wp-json\/wp\/v2\/pages\/309\/revisions"}],"predecessor-version":[{"id":311,"href":"https:\/\/pidetaxi.es\/en\/wp-json\/wp\/v2\/pages\/309\/revisions\/311"}],"wp:attachment":[{"href":"https:\/\/pidetaxi.es\/en\/wp-json\/wp\/v2\/media?parent=309"}],"curies":[{"name":"wp","href":"https:\/\/api.w.org\/{rel}","templated":true}]}}