{"id":310,"date":"2020-06-29T09:23:18","date_gmt":"2020-06-29T09:23:18","guid":{"rendered":"https:\/\/flexitrongroup.com\/pidetaxi\/legal\/"},"modified":"2020-08-07T06:46:13","modified_gmt":"2020-08-07T06:46:13","slug":"legal","status":"publish","type":"page","link":"https:\/\/pidetaxi.es\/en\/legal\/","title":{"rendered":"General conditions of use of the website and the Pidetaxi application"},"content":{"rendered":"<div class=\"flex_column av_three_fifth  flex_column_div first  avia-builder-el-0  el_before_av_one_full  avia-builder-el-first  \" style='background: #0194d9; padding:20px 20px 10px 20px ; background-color:#0194d9; border-radius:0px; '><section class=\"av_textblock_section \"  itemscope=\"itemscope\" itemtype=\"https:\/\/schema.org\/CreativeWork\" ><div class='avia_textblock  av_inherit_color '  style='color:#ffffff; '  itemprop=\"text\" ><h2>Condiciones Generales de uso de web y la aplicaci\u00f3n Pidetaxi.<\/h2>\n<\/div><\/section><\/div>\n<div class=\"flex_column av_one_full  flex_column_div av-zero-column-padding first  avia-builder-el-2  el_after_av_three_fifth  avia-builder-el-last  \" style='border-radius:0px; '><section class=\"av_textblock_section \"  itemscope=\"itemscope\" itemtype=\"https:\/\/schema.org\/CreativeWork\" ><div class='avia_textblock  '   itemprop=\"text\" ><p>Pidetaxi es una aplicaci\u00f3n propiedad de ARTE, Asociaci\u00f3n de Radio Taxis de Espa\u00f1a, inscrita en el Registro Nacional de Asociaciones con el n\u00famero 8759 y CIF G-85918282 (en adelante \u201cPidetaxi\u201d)<\/p>\n<p>La utilizaci\u00f3n de las aplicaciones de Pidetaxi es gratuita para el usuario del taxi. No est\u00e1n incluidos los gastos en los que tenga que incurrir el usuario para conectarse a internet y\/o descargar la aplicaci\u00f3n en su dispositivo m\u00f3vil. Tampoco est\u00e1n incluidos las tarifas de taxis vigentes en cada municipio ni los posibles suplementos que pudieran imponer los mismos por la intermediaci\u00f3n en la petici\u00f3n de los servicios de taxi.<\/p>\n<p>El servicio de taxi se regir\u00e1 en todo caso por las normas, tarifas, tasas e impuestos que le fueran de aplicaci\u00f3n en funci\u00f3n del lugar en el que se preste el servicio y de las condiciones establecidas por la autoridad de la que dependa el titular de la licencia de taxi.<\/p>\n<h4>1.- Prestaciones de Pidetaxi<\/h4>\n<p>Para utilizar la aplicaci\u00f3n Pidetaxi el usuario tendr\u00e1 que registrarse en la web www.Pidetaxi.es con nombre de usuario\/a, contrase\u00f1a y n\u00famero de tel\u00e9fono m\u00f3vil, adem\u00e1s de otros datos que pudieran exigirse en cada momento y\/o descargarse la aplicaci\u00f3n desde su dispositivo m\u00f3vil. Desde ese momento el usuario tendr\u00e1 derecho a utilizarlo.<\/p>\n<p>Pidetaxi pondr\u00e1, gratuitamente, a disposici\u00f3n del usuario el software de Pidetaxi y un servicio para los dispositivos m\u00f3viles aptos para, smartphones y tabletas con conexi\u00f3n a internet. Mediante dicha aplicaci\u00f3n el usuario podr\u00e1 utilizar el servicio de petici\u00f3n de taxis, Pidetaxi tendr\u00e1 la posibilidad de ponerse directamente en contacto con el conductor de taxi que accedi\u00f3 a su b\u00fasqueda a trav\u00e9s de la aplicaci\u00f3n. Para ello se localizar\u00e1 el lugar actual donde se encuentra el usuario y se transmitir\u00e1, junto con los datos obrantes en el Centro de Control, para su identificaci\u00f3n por el conductor de taxi al que se le haya asignado la realizaci\u00f3n del servicio una vez aceptada por el Centro de Control.<\/p>\n<p>Las prestaciones de la aplicaci\u00f3n no incluye la utilizaci\u00f3n de la conexi\u00f3n a Internet que deber\u00e1 disponer el usuario. El usuario es responsable de los requisitos t\u00e9cnicos, de la configuraci\u00f3n del dispositivo para la utilizaci\u00f3n de la aplicaci\u00f3n y de las actualizaciones necesarias para el correcto funcionamiento de las mismas.<\/p>\n<p>La petici\u00f3n de un servicio de taxi con la aplicaci\u00f3n Pidetaxi o desde la web www.pidetaxi.es es gratuita, con excepci\u00f3n de los gastos de conexi\u00f3n necesarios para la utilizaci\u00f3n del dispositivo m\u00f3vil u ordenador. El usuario no tendr\u00e1 que desembolsar ninguna cantidad a Pidetaxi para la mediaci\u00f3n de su solicitud de taxi. Cuando las normas locales tuvieran establecido un suplemento por la utilizaci\u00f3n de este servicio, ser\u00e1 abonado directamente al conductor del taxi que realice el servicio.<\/p>\n<p>Si el usuario solicita un servicio de taxi a trav\u00e9s de la aplicaci\u00f3n, Pidetaxi transmitir\u00e1 dicha solicitud a los taxistas que, perteneciendo a las organizaciones que forman parte de A.R.T.E. y de Pidetaxi, pudieran prestar el servicio para el transporte de personas, por encontrarse en las inmediaciones del usuario o en el lugar m\u00e1s cercano. A trav\u00e9s de la utilizaci\u00f3n de la aplicaci\u00f3n no se realizar\u00e1 ninguna prestaci\u00f3n que vaya m\u00e1s all\u00e1 de la mera intermediaci\u00f3n para la asignaci\u00f3n de un servicio de taxi. De la utilizaci\u00f3n de la aplicaci\u00f3n no surgir\u00e1 ning\u00fan contrato para el transporte de personas entre Pidetaxi y el usuario sino entre el usuario y el taxista que realice finalmente el servicio. Los posibles derechos derivados del transporte de personas mediado por Pidetaxi afectar\u00e1n exclusivamente la relaci\u00f3n entre el empresario del taxi y el usuario. Pidetaxi no responder\u00e1 ante terceros, de los empresarios de taxis y conductores de taxis.<\/p>\n<h4><strong>2.- Modificaci\u00f3n y condiciones de la prestaci\u00f3n<\/strong><\/h4>\n<p>Pidetaxi se reserva el derecho de poder modificar, en cualquier momento, la aplicaci\u00f3n de un modo exigible al usuario con el fin de desarrollarla y mejorar su calidad o para dejar de ofrecer las prestaciones ofrecidas a trav\u00e9s de la aplicaci\u00f3n y de la web www.pidetaxi.es.<\/p>\n<h4><strong>3.- Disponibilidad<\/strong><\/h4>\n<p>La disponibilidad de la aplicaci\u00f3n y de los servicios web puede verse interrumpida por causas de mantenimiento y actualizaci\u00f3n de los mismos. No obstante, Pidetaxi tratar\u00e1 de ofrecer la mayor disponibilidad posible al usuario y realizar las tareas de mantenimiento y reparaci\u00f3n en el menor tiempo posible. Ni A.RT.E ni Pidetaxi pueden garantizar ni responden por la disponibilidad absoluta del servicio de taxi en cada momento.<\/p>\n<p>A.R.T.E. y Pidetaxi podr\u00e1n suprimir el servicio temporalmente, sin tener que informar al usuario de forma individual bastando con la mera informaci\u00f3n en la pagina web www.pidetaxi.es.<\/p>\n<h4><strong>4.- Responsabilidad<\/strong><\/h4>\n<p>Ni A.R.T.E. ni Pidetaxi responder\u00e1n de los da\u00f1os, retrasos o cualquier circunstancia que el usuario pudiera sufrir por la utilizaci\u00f3n de la aplicaci\u00f3n Pidetaxi y el propio servicio de taxi efectuado por el profesional adscrito al Centro de Control.<\/p>\n<p>Quedar\u00e1 excluida la responsabilidad por los servicios prestados por el empresario de taxis o el conductor, ya que Pidetaxi se limita a asignar y mediar dicho servicio.<\/p>\n<p>Si Pidetaxi suprimiese temporal o definitivamente por causa grave su servicio, no se derivar\u00eda de este hecho responsabilidad alguna.<\/p>\n<p>Pidetaxi no responder\u00e1 de los contenidos y p\u00e1ginas web de terceros ubicadas en la web de Pidetaxi.<\/p>\n<h4><strong>5.- Obligaciones generales del usuario<\/strong><\/h4>\n<p>El usuario estar\u00e1 en todo momento obligado a indicar y actualizar sus datos personales.<\/p>\n<p>El usuario tendr\u00e1 que hacer uso de la aplicaci\u00f3n de tal manera que no se produzcan desperfectos, sobrecargas o da\u00f1os en la misma y no se ponga en peligro la finalidad perseguida con dicha aplicaci\u00f3n. El usuario no eludir\u00e1 o modificar\u00e1, por s\u00ed mismo o a trav\u00e9s de terceros, las medidas de seguridad de la aplicaci\u00f3n.<\/p>\n<p>Todos los derechos sobre el software ser\u00e1n de A.R.T.E. El software puesto a disposici\u00f3n del usuario no podr\u00e1 ser copiado, modificado, desarrollado de forma inversa, decompilado y divulgado.<\/p>\n<p>El usuario tendr\u00e1 que guardar su nombre de usuario y password en un lugar seguro y no podr\u00e1 comunicarlos a terceros o posibilitar a \u00e9stos el acceso a la aplicaci\u00f3n. El usuario es el \u00fanico responsable de la confidencialidad y seguridad de su cuenta. Estar\u00e1 obligado a comunicar de inmediato a Pidetaxi la utilizaci\u00f3n no autorizada por parte de terceros.<\/p>\n<p>Si el usuario hubiese incurrido en un incumplimiento, exonerar\u00e1 a Pidetaxi de la responsabilidad frente a terceros as\u00ed como de los gastos de defensa jur\u00eddica si fueran necesarios. En lo dem\u00e1s, el usuario estar\u00e1 obligado, en caso de un incumplimiento frente a Pidetaxi, a resarcir los da\u00f1os y perjuicios producidos.<\/p>\n<p>Los datos personales de otros usuarios que pudieran ser transmitidos al usuario que estuviera utilizando el servicio y que pudieran llegar a su conocimiento, no podr\u00e1n ser tratados por \u00e9ste o transmitidos a terceros ajenos, salvo que exista consentimiento por parte del otro usuario.<\/p>\n<h4><strong>6.- Responsabilidad respecto del contenido<\/strong><\/h4>\n<p>La responsabilidad respecto de los contenidos publicados y transmitidos en la aplicaci\u00f3n o en la p\u00e1gina web de usuarios corresponder\u00e1 exclusivamente al usuario que lo hubiese publicado. \u00c9ste estar\u00e1 obligado a cumplir las leyes, con la salvaguarda de las buenas costumbres y del deber de objetividad.<\/p>\n<p>Si las publicaciones incumpliesen las reglas anteriormente mencionadas, Pidetaxi tendr\u00e1 derecho a eliminarlas de inmediato y a exigir la reparaci\u00f3n del da\u00f1o en caso de que hubiera sido causado.<\/p>\n<h4><strong>7.- Disposiciones finales<\/strong><\/h4>\n<p>La nulidad o invalidez de cualquiera de estas condiciones generales de contrataci\u00f3n no afectan a la validez de las dem\u00e1s. En lugar de la cl\u00e1usula nula o inviable, se aplicar\u00e1 una soluci\u00f3n conveniente que se adecuar\u00e1 en lo posible a los objetivos econ\u00f3micos de las presentes Condiciones Generales de Contrataci\u00f3n.<\/p>\n<p>Pidetaxi se reserva el derecho a modificar las presentes Condiciones Generales en tanto en cuanto ello fuese exigible al usuario. Las Condiciones Generales de Contrataci\u00f3n podr\u00e1n ser consultadas en cualquier momento en www.pidetaxi.es o en la propia aplicaci\u00f3n en el dispositivo m\u00f3vil.<\/p>\n<p>El lugar de cumplimiento es Espa\u00f1a. De conformidad con la Ley 34\/2002 de prestaci\u00f3n de servicios de la sociedad de la informaci\u00f3n se aplica derecho espa\u00f1ol a este contrato.<\/p>\n<h4><strong>8. Declaraci\u00f3n de protecci\u00f3n de datos. Localizaci\u00f3n<\/strong><\/h4>\n<p>Pidetaxi da especial importancia a la protecci\u00f3n de los datos personales del usuario. Todos los datos personales transmitidos por el usuario (tratamiento, nombre, direcci\u00f3n, direcci\u00f3n de correo electr\u00f3nico, n\u00famero de tel\u00e9fono y lugar en los que se encuentra) se recoger\u00e1n, guardar\u00e1n y tratar\u00e1n \u00fanicamente de acuerdo con las normas sobre protecci\u00f3n de datos existentes en cada momento.<\/p>\n<p>Pidetaxi se limita a recoger, guardar y tratar los datos personales del usuario \u00fanicamente en tanto en cuanto fuese necesario para la debida gesti\u00f3n de la utilizaci\u00f3n de la aplicaci\u00f3n por parte del usuario.<\/p>\n<p>Puede consultar la pol\u00edtica de protecci\u00f3n de datos pinchando aqu\u00ed.<\/p>\n<p>Con el fin de poder utilizar la aplicaci\u00f3n debidamente, el usuario presta su conformidad a la localizaci\u00f3n de su posici\u00f3n (datos GPS) y a la transmisi\u00f3n de su nombre de usuario y n\u00famero de tel\u00e9fono al taxista y la empresa de taxis que haya aceptado la solicitud de taxi mediante Pidetaxi.<\/p>\n<p>El usuario autoriza de forma expresa un uso m\u00e1s amplio de los datos personales siempre y cuando se utilicen para la mejora del dise\u00f1o del contenido o de la modificaci\u00f3n de la relaci\u00f3n contractual (datos de cartera) para fines publicitarios, estudios de mercado o la elaboraci\u00f3n de ofertas conforme a las necesidades.<\/p>\n<p>Los datos personales necesarios para permitir y liquidar la utilizaci\u00f3n de prestaciones (datos de explotaci\u00f3n) ser\u00e1n igualmente utilizados solo para la realizaci\u00f3n de los contratos suscritos. Dichos datos de explotaci\u00f3n constituyen, en particular, las caracter\u00edsticas para la identificaci\u00f3n como usuario, los datos sobre el comienzo y el final as\u00ed como el volumen de cada utilizaci\u00f3n y datos sobre los medios telem\u00e1ticos empleados por el usuarios.<\/p>\n<p>El usuario est\u00e1 conforme con que, adem\u00e1s, los datos de explotaci\u00f3n puedan ser utilizados por Pidetaxi para fines publicitarios, estudio del mercado o la configuraci\u00f3n de los medios telem\u00e1ticos conforme a las necesidades para elaborar perfiles de usuarios de forma an\u00f3nima. En cualquier momento existe la posibilidad de oponerse a la utilizaci\u00f3n de los datos de explotaci\u00f3n. Bajo ning\u00fan concepto se relacionar\u00e1n los perfiles de usuarios con los datos correspondientes.<\/p>\n<p>El usuario est\u00e1 de acuerdo con que, al objeto del cumplimiento del contrato o, en su caso, la reclamaci\u00f3n de derechos, sus datos sean comunicados a su parte contractual correspondiente. Los datos solo podr\u00e1n ser transmitidos a otras personas en el marco de las disposiciones legales.<\/p>\n<p>En el caso de que deseara m\u00e1s informaci\u00f3n o tenga la intenci\u00f3n de retirar o revocar el consentimiento prestado para la utilizaci\u00f3n de los datos facilitados o, en su caso, presentar oposici\u00f3n a la utilizaci\u00f3n de los datos de explotaci\u00f3n, se ruega que se ponga en contacto con nosotros a trav\u00e9s de la p\u00e1gina web http:\/\/www.Pidetaxi.es.<\/p>\n<\/div><\/section><\/div>\n","protected":false},"excerpt":{"rendered":"","protected":false},"author":1,"featured_media":0,"parent":0,"menu_order":0,"comment_status":"closed","ping_status":"closed","template":"","meta":{"footnotes":""},"_links":{"self":[{"href":"https:\/\/pidetaxi.es\/en\/wp-json\/wp\/v2\/pages\/310"}],"collection":[{"href":"https:\/\/pidetaxi.es\/en\/wp-json\/wp\/v2\/pages"}],"about":[{"href":"https:\/\/pidetaxi.es\/en\/wp-json\/wp\/v2\/types\/page"}],"author":[{"embeddable":true,"href":"https:\/\/pidetaxi.es\/en\/wp-json\/wp\/v2\/users\/1"}],"replies":[{"embeddable":true,"href":"https:\/\/pidetaxi.es\/en\/wp-json\/wp\/v2\/comments?post=310"}],"version-history":[{"count":1,"href":"https:\/\/pidetaxi.es\/en\/wp-json\/wp\/v2\/pages\/310\/revisions"}],"predecessor-version":[{"id":312,"href":"https:\/\/pidetaxi.es\/en\/wp-json\/wp\/v2\/pages\/310\/revisions\/312"}],"wp:attachment":[{"href":"https:\/\/pidetaxi.es\/en\/wp-json\/wp\/v2\/media?parent=310"}],"curies":[{"name":"wp","href":"https:\/\/api.w.org\/{rel}","templated":true}]}}